{"id":11,"date":"2020-02-27T22:23:21","date_gmt":"2020-02-27T21:23:21","guid":{"rendered":"http:\/\/https:\/\/www.f-borowski.de?page_id=11"},"modified":"2021-11-22T14:54:17","modified_gmt":"2021-11-22T13:54:17","slug":"coaching","status":"publish","type":"page","link":"https:\/\/www.f-borowski.de\/?page_id=11","title":{"rendered":"Coaching"},"content":{"rendered":"\r\n<p>Der Deutsche Bundesverband f\u00fcr Coaching e.V. sagt auf seiner Webite (www.dbvc.de):<\/p>\r\n<p><em>&#8222;Coaching ist die professionelle Beratung, Begleitung und Unterst\u00fctzung von Personen &#8230;. Zielsetzung von Coaching ist die Weiterentwicklung von individuellen oder kollektiven Lern- und Leistungsprozessen&#8230;.&#8220;<\/em><\/p>\r\n<p><em>&#8222;Als ergebnis- und l\u00f6sungsorientierte Beratungsform dient Coaching der Steigerung und dem Erhalt der Leistungsf\u00e4higkeit. Als ein auf individuelle Bed\u00fcrfnisse abgestimmter Beratungsprozess unterst\u00fctzt ein Coaching die Verbesserung der (pers\u00f6nlichen und) beruflichen Situation und das Gestalten von Rollen (auch) unter anspruchsvollen Bedingungen.&#8220;<\/em><\/p>\r\n<p>&nbsp;<\/p>\r\n<p>Zugegeben, das ist eine sehr technische Beschreibung die sich \u00fcberwiegend an F\u00fchrungskr\u00e4fte in Unternehmen richtet. Wenn man allerdings den Gedanken von den individuellen Bed\u00fcrfnissen aufgreift und \u00fcber die berufliche Situation hinaus, auch auf den privaten Bereich ausdehnt, dann landet man schnell beim Life-Coach.<\/p>\r\n<p>Coaching ist ein weites Feld und bedeutet wohl in erster Linie trainieren. Das ist Arbeit, an und f\u00fcr sich selbst und manchmal mit dem inneren Schweinehund k\u00e4mpfend. Der Coach ist der Trainer. Der, der sieht wo es fehlt, der Ideen f\u00fcr Taktiken und Strategien hat, der hilft, die St\u00e4rken weiterzuentwickeln und die Schw\u00e4chen zu St\u00e4rken zu machen.<\/p>\r\n<p>&nbsp;<\/p>\r\n<p><em>Wir definieren uns \u00fcber unser Tun. Bekommen wir Anerkennung, f\u00e4llt uns alles leichter, macht mehr Spa\u00df und es ergibt sich auch eine bessere Leistung.<\/em><\/p>\r\n<p><em>Anerkennung erf\u00e4hrt man im Sozialen, im Ansehen, durch Wertsch\u00e4tzung, Zuneigung und Respekt, aber auch durch andere Zuwendungen wie Geschenke oder eine angemessene Entlohnung. Warten Sie nicht vergeblich auf die Anerkennung die Sie verdienen. Nehmen Sie ihr Schicksal in die Hand.<\/em><\/p>\r\n<p><em>Beginnen Sie Ihre eigene Leistung angemessen einzusch\u00e4tzen.<\/em><\/p>\r\n<p>&nbsp;<\/p>\r\n<p>Als Selbst\u00e4ndiger oder Unternehmer kann man Gefahr laufen, dass die Arbeit eines ganzen Lebens pl\u00f6tzlich, durch sich ver\u00e4ndernde M\u00e4rkte oder andere Umst\u00e4nde ins Wanken ger\u00e4t. Mitunter droht sogar die Insolvenz, bzw. der Totalverlust des Erschaffenen.<\/p>\r\n<p>Viele Selbst\u00e4ndige kennen die Situation, dass die Liquidit\u00e4t knapp wird, sei es dass sich Auftr\u00e4ge hinziehen oder unvorhergesehene Kosten entstehen.<\/p>\r\n<p>Die Verantwortung f\u00fcr Familie Mitarbeiter, Lieferanten und Kunden belastet viele Unternehmer mehr als sie je zugeben w\u00fcrden. Oft ist schlie\u00dflich ein Psychologe hilfreich.<\/p>\r\n<p>Andererseits kann man auch proaktiv agieren und Strategien f\u00fcr ein gesundes und zufriedenes Leben entwickeln.<\/p>\r\n<p>&nbsp;<\/p>\r\n<h5><strong>Nutze Deine M\u00f6glichkeiten&#8230;<\/strong><\/h5>\r\n\r\n<h6><em>Perspektiven zur Verbesserung der pers\u00f6nlichen Lebensqualit\u00e4t<\/em><\/h6>\r\n<h6><em>Chancen zur Gestaltung des eigenen Lebens<\/em><\/h6>\r\n\r\n<p>&nbsp;<\/p>\r\n<ul>\r\n<li>St\u00e4rkung der eigenen Handlungskompetenz,\u00a0Orientierungshilfe<\/li>\r\n<\/ul>\r\n<p><em>\u00a0\u00a0\u00a0\u00a0\u00a0\u00a0\u00a0\u00a0\u00a0\u00a0\u00a0\u00a0\u00a0\u00a0 Sie gewinnen Klarheit und Entscheidungssicherheit in Fragen die f\u00fcr Sie pers\u00f6nlich wichtig sind<\/em><\/p>\r\n<ul>\r\n<li>Unterst\u00fctzung von Fach- und F\u00fchrungskr\u00e4ften, Freiberuflern und Selbst\u00e4ndigen<\/li>\r\n<\/ul>\r\n<p><em>\u00a0\u00a0\u00a0\u00a0\u00a0\u00a0\u00a0\u00a0\u00a0\u00a0\u00a0\u00a0\u00a0\u00a0 Sie beschleunigen Entscheidungen und Entwicklungen proaktiv, sparen wertvolle Zeit und Geld<\/em><\/p>\r\n<ul>\r\n<li>Umgang mit komplexen Systemen<\/li>\r\n<\/ul>\r\n<ul>\r\n<li>Sicher und souver\u00e4n bleiben in belastenden Situationen<\/li>\r\n<\/ul>\r\n<ul>\r\n<li>Individuelle Begleitung beruflicher und pers\u00f6nlicher Entwicklung<\/li>\r\n<\/ul>\r\n<p><em>\u00a0\u00a0\u00a0\u00a0\u00a0\u00a0\u00a0\u00a0\u00a0\u00a0\u00a0\u00a0\u00a0\u00a0 Sie entdecken, was Sie richtig gut k\u00f6nnen und was Sie begeistert<\/em><\/p>\r\n<ul>\r\n<li>Kommunikations- und Beziehungsprobleme<\/li>\r\n<\/ul>\r\n<p><em>\u00a0\u00a0\u00a0\u00a0\u00a0\u00a0\u00a0\u00a0\u00a0\u00a0\u00a0\u00a0\u00a0\u00a0 Sie erlangen eine ungesch\u00f6nte Standortbestimmung<\/em><\/p>\r\n<ul>\r\n<li>Bew\u00e4ltigung von Ver\u00e4nderungsprozesssen.<\/li>\r\n<\/ul>\r\n<p><em>\u00a0\u00a0\u00a0\u00a0\u00a0\u00a0\u00a0\u00a0\u00a0\u00a0\u00a0\u00a0\u00a0\u00a0 Sie gehen Ihre Ziele motiviert an<\/em><\/p>\r\n<ul>\r\n<li>Mobbing, betriebliche Ver\u00e4nderungen.<\/li>\r\n<\/ul>\r\n<ul>\r\n<li>Konflikte gewinnbringend nutzen<\/li>\r\n<\/ul>\r\n<ul>\r\n<li>Neue Ziele finden und erreichen<\/li>\r\n<\/ul>\r\n<p><em>\u00a0\u00a0\u00a0\u00a0\u00a0\u00a0\u00a0\u00a0\u00a0\u00a0\u00a0\u00a0\u00a0\u00a0 Sie wissen, wo es beruflich und privat f\u00fcr Sie hingehen soll<\/em><\/p>\r\n<ul>\r\n<li>Mediationen<\/li>\r\n<\/ul>\r\n<p>&nbsp;<\/p>\r\n\r\n<p>In einem ersten Gespr\u00e4ch wird sich sehr schnell kl\u00e4ren, ob wir miteinander arbeiten wollen.<\/p>\r\n<p>&nbsp;<\/p>\r\n<p>Rufen Sie an, oder schreiben Sie eine Email.:\u00a0 fb@f-borowski.de<\/p>\r\n\r\n<p>&nbsp;<\/p>\r\n<p>&nbsp;<\/p>","protected":false},"excerpt":{"rendered":"<p>Der Deutsche Bundesverband f\u00fcr Coaching e.V. sagt auf seiner Webite (www.dbvc.de): &#8222;Coaching ist die professionelle Beratung, Begleitung und Unterst\u00fctzung von Personen &#8230;. Zielsetzung von Coaching ist die Weiterentwicklung von individuellen oder kollektiven Lern- und Leistungsprozessen&#8230;.&#8220; &#8222;Als ergebnis- und l\u00f6sungsorientierte Beratungsform dient Coaching der Steigerung und dem Erhalt der Leistungsf\u00e4higkeit. Als ein auf individuelle Bed\u00fcrfnisse abgestimmter<\/p>\n<p class=\"text-right\"><span class=\"screen-reader-text\">Continue Reading&#8230; Coaching<\/span><a class=\"btn btn-secondary continue-reading\" href=\"https:\/\/www.f-borowski.de\/?page_id=11\">Continue Reading&#8230;<\/a><\/p>\n","protected":false},"author":1,"featured_media":99,"parent":0,"menu_order":0,"comment_status":"closed","ping_status":"closed","template":"","meta":{"footnotes":""},"class_list":["post-11","page","type-page","status-publish","has-post-thumbnail","hentry"],"_links":{"self":[{"href":"https:\/\/www.f-borowski.de\/index.php?rest_route=\/wp\/v2\/pages\/11","targetHints":{"allow":["GET"]}}],"collection":[{"href":"https:\/\/www.f-borowski.de\/index.php?rest_route=\/wp\/v2\/pages"}],"about":[{"href":"https:\/\/www.f-borowski.de\/index.php?rest_route=\/wp\/v2\/types\/page"}],"author":[{"embeddable":true,"href":"https:\/\/www.f-borowski.de\/index.php?rest_route=\/wp\/v2\/users\/1"}],"replies":[{"embeddable":true,"href":"https:\/\/www.f-borowski.de\/index.php?rest_route=%2Fwp%2Fv2%2Fcomments&post=11"}],"version-history":[{"count":40,"href":"https:\/\/www.f-borowski.de\/index.php?rest_route=\/wp\/v2\/pages\/11\/revisions"}],"predecessor-version":[{"id":340,"href":"https:\/\/www.f-borowski.de\/index.php?rest_route=\/wp\/v2\/pages\/11\/revisions\/340"}],"wp:featuredmedia":[{"embeddable":true,"href":"https:\/\/www.f-borowski.de\/index.php?rest_route=\/wp\/v2\/media\/99"}],"wp:attachment":[{"href":"https:\/\/www.f-borowski.de\/index.php?rest_route=%2Fwp%2Fv2%2Fmedia&parent=11"}],"curies":[{"name":"wp","href":"https:\/\/api.w.org\/{rel}","templated":true}]}}