{"id":13,"date":"2020-02-27T22:23:56","date_gmt":"2020-02-27T21:23:56","guid":{"rendered":"http:\/\/https:\/\/www.f-borowski.de?page_id=13"},"modified":"2020-03-01T20:27:37","modified_gmt":"2020-03-01T19:27:37","slug":"betriebswirtschaftliche-loesungen","status":"publish","type":"page","link":"https:\/\/www.f-borowski.de\/?page_id=13","title":{"rendered":"Unternehmer oder Entrepreneur"},"content":{"rendered":"<h5>Verwalten Sie oder gestalten Sie ?<\/h5>\r\n\r\n<h6>Verlieren Sie Ihre Visionen nicht aus den Augen.<\/h6>\r\n<p>&nbsp;<\/p>\r\n<p>Controlling spielt eine zentrale Rolle in der betriebswirtschaftlichen Unternehmensf\u00fchrung. Die Annahmen \u00fcber Kosten und Ertr\u00e4ge aus der Kalkulation m\u00fcssen mit der Realit\u00e4t abgeglichen werden, um b\u00f6se \u00dcberraschungen zu vermeiden und dienen als Basis f\u00fcr k\u00fcnftige Planungen.<\/p>\r\n<p>Ebenso wichtig sind die Ziele und Visionen, die Philosophie und die Identit\u00e4t eines Unternehmens, dies ist ma\u00dfgeblich f\u00fcr die langfristige strategische Ausrichtung und Planung, f\u00fcr die Au\u00dfendarstellung, f\u00fcr das Image und Ansehen der Produkte, bzw. der unternehmerischen Leistung.<\/p>\r\n<p>&nbsp;<\/p>\r\n<p><em>..mehr Gewinn &#8211; weniger Kosten..<\/em><\/p>\r\n<p>Im Laufe der Zeit spielen sich viele Arbeitsabl\u00e4ufe und Vorgehensweisen ein, werden selbstverst\u00e4ndlich. Doch die Anforderungen durch Kunden und M\u00e4rkte \u00e4ndern sich st\u00e4ndig.<\/p>\r\n<p>Langfristige strategische Konzepte und Planungen m\u00fcssen von Zeit zu Zeit \u00fcberpr\u00fcft werden und der k\u00fcnftigen Entwicklung angepasst werden. Brachliegende Potentiale, Schwachstellen, Chancen und Risiken sollten erkannt und analysiert werden.<\/p>\r\n<p>Krisen k\u00f6nnen nicht immer vermieden werden, aber sie k\u00f6nnen minimiert werden und oft genug als Chance dienen. Warten Sie nicht bis zur Zahlungsunf\u00e4higkeit oder Kontenpf\u00e4ndung.<\/p>\r\n<p>&nbsp;<\/p>\r\n<p>\u2022 In vielen F\u00e4llen warten Unternehmen zu lange, bevor sie sich einen Rat von au\u00dfen holen.<\/p>\r\n<p>\u2022 H\u00e4ufig werden intern Schwachstellen, Entwicklungen oder Risiken nicht erkannt.<\/p>\r\n<p>\u2022 Schaffen Sie die Struktur f\u00fcr eine effektive Organisation und zuverl\u00e4ssige Kommunikation.<\/p>\r\n<p>\u2022 Sparen Sie Kosten, denken Sie langfristig, handeln Sie nachhaltig.<\/p>\r\n<p>\u2022\u00a0 Gerade dann, wenn Sie keine Sorgen haben und ihr Unternehmen erfolgreich ist, ist der beste Zeitpunkt daf\u00fcr zu sorgen, dass Sie auch in der Zukunft erfolgreich sein werden und gewinnbringend arbeiten.<\/p>\r\n<p>&nbsp;<\/p>\r\n\r\n<p>Sichern Sie Ihre Zukunft. Decken Sie Risiken und Schwachstellen auf, senken Sie Kosten und sch\u00f6pfen Sie Ihr Potential voll aus.<\/p>\r\n<p>&nbsp;<\/p>\r\n<p>Anregungen von au\u00dfen geben Ihnen neue Impulse und neue Motivation.<\/p>\r\n<p>&nbsp;<\/p>\r\n<p>&nbsp;<\/p>","protected":false},"excerpt":{"rendered":"<p>Verwalten Sie oder gestalten Sie ? Verlieren Sie Ihre Visionen nicht aus den Augen. &nbsp; Controlling spielt eine zentrale Rolle in der betriebswirtschaftlichen Unternehmensf\u00fchrung. Die Annahmen \u00fcber Kosten und Ertr\u00e4ge aus der Kalkulation m\u00fcssen mit der Realit\u00e4t abgeglichen werden, um b\u00f6se \u00dcberraschungen zu vermeiden und dienen als Basis f\u00fcr k\u00fcnftige Planungen. Ebenso wichtig sind die<\/p>\n<p class=\"text-right\"><span class=\"screen-reader-text\">Continue Reading&#8230; Unternehmer oder Entrepreneur<\/span><a class=\"btn btn-secondary continue-reading\" href=\"https:\/\/www.f-borowski.de\/?page_id=13\">Continue Reading&#8230;<\/a><\/p>\n","protected":false},"author":1,"featured_media":102,"parent":0,"menu_order":0,"comment_status":"closed","ping_status":"closed","template":"","meta":{"footnotes":""},"class_list":["post-13","page","type-page","status-publish","has-post-thumbnail","hentry"],"_links":{"self":[{"href":"https:\/\/www.f-borowski.de\/index.php?rest_route=\/wp\/v2\/pages\/13","targetHints":{"allow":["GET"]}}],"collection":[{"href":"https:\/\/www.f-borowski.de\/index.php?rest_route=\/wp\/v2\/pages"}],"about":[{"href":"https:\/\/www.f-borowski.de\/index.php?rest_route=\/wp\/v2\/types\/page"}],"author":[{"embeddable":true,"href":"https:\/\/www.f-borowski.de\/index.php?rest_route=\/wp\/v2\/users\/1"}],"replies":[{"embeddable":true,"href":"https:\/\/www.f-borowski.de\/index.php?rest_route=%2Fwp%2Fv2%2Fcomments&post=13"}],"version-history":[{"count":15,"href":"https:\/\/www.f-borowski.de\/index.php?rest_route=\/wp\/v2\/pages\/13\/revisions"}],"predecessor-version":[{"id":241,"href":"https:\/\/www.f-borowski.de\/index.php?rest_route=\/wp\/v2\/pages\/13\/revisions\/241"}],"wp:featuredmedia":[{"embeddable":true,"href":"https:\/\/www.f-borowski.de\/index.php?rest_route=\/wp\/v2\/media\/102"}],"wp:attachment":[{"href":"https:\/\/www.f-borowski.de\/index.php?rest_route=%2Fwp%2Fv2%2Fmedia&parent=13"}],"curies":[{"name":"wp","href":"https:\/\/api.w.org\/{rel}","templated":true}]}}