{"id":15,"date":"2020-02-27T22:24:29","date_gmt":"2020-02-27T21:24:29","guid":{"rendered":"http:\/\/https:\/\/www.f-borowski.de?page_id=15"},"modified":"2020-07-11T17:02:46","modified_gmt":"2020-07-11T15:02:46","slug":"existenzgruendung","status":"publish","type":"page","link":"https:\/\/www.f-borowski.de\/?page_id=15","title":{"rendered":"Jeder Mensch ist ein Unternehmer"},"content":{"rendered":"\r\n<p>&nbsp;<\/p>\r\n<p> Eine gute Idee, ein Talent oder eine Leidenschaft, &#8211; wenn alles zusammen kommt, hat man eine gute Chance auf Erfolg.<\/p>\r\n<p>Man muss nicht alles wissen und nicht alles k\u00f6nnen. Man muss nur wissen, wo man die notwendigen Informationen bekommt und wie man an die richtigen Leute kommt, die tun, was man selber nicht tun kann.<\/p>\r\n<p>&nbsp;<\/p>\r\n<p><em>Eigene Erfahrungen..<\/em><\/p>\r\n<p><em>&#8222;Die Idee von Elektronik-Schrott-Receycling f\u00fchrte Mitte der 90er Jahre zu meiner ersten Selbst\u00e4ndigkeit. Mehr als 7 Jahre leitete ich anschlie\u00dfend eine Firma f\u00fcr IT-Services. Danach f\u00fchrte ich 4 Jahre lang ein Taxiunternehmen mit 15 Mitarbeitern. Nach einigen Jahren mit Projekten im Ausland gr\u00fcndete ich die Firma dashoerkissen und wurde im Jahr 2012 vom BmWi mit dem Preis der Kultur- und Kreativpiloten Deutschland ausgezeichnet. Seit 2009 organisiere ich f\u00fcr die Tanztheaterkompanie DE LooPERS gro\u00dfe Community-Dance-Projekte. Ebenfalls seit 2009 bin ich als Unternehmensberater und Coach t\u00e4tig und helfe anderen Menschen ihre Ideen zu verwirklichen. Seit 2019 berate ich im Auftrag des Jobcenter auch Unternehmer in Schwierigkeiten, die auf Hilfen zum Lebensunterhalt angewiesen sind.&#8220; <\/em><\/p>\r\n<p>&nbsp;<\/p>\r\n<h6>start-ups und Existenzgr\u00fcnder<\/h6>\r\n<ul>\r\n<li>Wie aus einer Idee ein Gesch\u00e4ftskonzept wird&#8230;<\/li>\r\n<li>Wie kann man finanzieren&#8230;<\/li>\r\n<li>F\u00f6rderung?<\/li>\r\n<li>Existenzgr\u00fcndung &#8211; Erste Schritte in die Selbst\u00e4ndigkeit<\/li>\r\n<li>Beurteilung der Tragf\u00e4higkeit<\/li>\r\n<\/ul>\r\n<p>&nbsp;<\/p>\r\n<p>Von der Idee \u00fcber das Konzept zum Businesssplan. wir sollten uns unterhalten: fb@f-borowski.de<\/p>","protected":false},"excerpt":{"rendered":"<p>&nbsp; Eine gute Idee, ein Talent oder eine Leidenschaft, &#8211; wenn alles zusammen kommt, hat man eine gute Chance auf Erfolg. Man muss nicht alles wissen und nicht alles k\u00f6nnen. Man muss nur wissen, wo man die notwendigen Informationen bekommt und wie man an die richtigen Leute kommt, die tun, was man selber nicht tun<\/p>\n<p class=\"text-right\"><span class=\"screen-reader-text\">Continue Reading&#8230; Jeder Mensch ist ein Unternehmer<\/span><a class=\"btn btn-secondary continue-reading\" href=\"https:\/\/www.f-borowski.de\/?page_id=15\">Continue Reading&#8230;<\/a><\/p>\n","protected":false},"author":1,"featured_media":105,"parent":0,"menu_order":0,"comment_status":"closed","ping_status":"closed","template":"","meta":{"footnotes":""},"class_list":["post-15","page","type-page","status-publish","has-post-thumbnail","hentry"],"_links":{"self":[{"href":"https:\/\/www.f-borowski.de\/index.php?rest_route=\/wp\/v2\/pages\/15","targetHints":{"allow":["GET"]}}],"collection":[{"href":"https:\/\/www.f-borowski.de\/index.php?rest_route=\/wp\/v2\/pages"}],"about":[{"href":"https:\/\/www.f-borowski.de\/index.php?rest_route=\/wp\/v2\/types\/page"}],"author":[{"embeddable":true,"href":"https:\/\/www.f-borowski.de\/index.php?rest_route=\/wp\/v2\/users\/1"}],"replies":[{"embeddable":true,"href":"https:\/\/www.f-borowski.de\/index.php?rest_route=%2Fwp%2Fv2%2Fcomments&post=15"}],"version-history":[{"count":10,"href":"https:\/\/www.f-borowski.de\/index.php?rest_route=\/wp\/v2\/pages\/15\/revisions"}],"predecessor-version":[{"id":293,"href":"https:\/\/www.f-borowski.de\/index.php?rest_route=\/wp\/v2\/pages\/15\/revisions\/293"}],"wp:featuredmedia":[{"embeddable":true,"href":"https:\/\/www.f-borowski.de\/index.php?rest_route=\/wp\/v2\/media\/105"}],"wp:attachment":[{"href":"https:\/\/www.f-borowski.de\/index.php?rest_route=%2Fwp%2Fv2%2Fmedia&parent=15"}],"curies":[{"name":"wp","href":"https:\/\/api.w.org\/{rel}","templated":true}]}}