{"id":17,"date":"2020-02-27T22:24:40","date_gmt":"2020-02-27T21:24:40","guid":{"rendered":"http:\/\/https:\/\/www.f-borowski.de?page_id=17"},"modified":"2022-09-24T16:19:40","modified_gmt":"2022-09-24T14:19:40","slug":"computer","status":"publish","type":"page","link":"https:\/\/www.f-borowski.de\/?page_id=17","title":{"rendered":"Digitale Kommunikation"},"content":{"rendered":"\r\n<p> Der Computer hat unsere Welt v\u00f6llig durchdrungen.<\/p>\r\n<p>S\u00e4mtliche Kommunikation l\u00e4uft inzwischen \u00fcber Computer. Man telefoniert per PC, schickt Email anstatt eines Briefes oder Fax, Lexika und Telefonb\u00fccher er\u00fcbrigen sich, denn man findet alles im Netz. Soziale Netzwerke, Filme, Musik, alles steht jederzeit zur Verf\u00fcgung und selbst die Eink\u00e4ufe kann man online erledigen.<\/p>\r\n<p>Doch wie nutzt man die zahllosen M\u00f6glichkeiten sinnvoll und effektiv?<\/p>\r\n<p>Wie organisiert und strukturiert man die Systeme? Was sind die Vorteile und wie vermeide ich Nachteile, wie z.B st\u00e4ndige Erreichbarkeit oder ausufernde Arbeitszeiten?<\/p>\r\n<p>Beim t\u00e4glichen Umgang mit dem PC stellen sich meist viel trivialere Fragen, aber auch da muss man jemanden finden, der helfen kann.<\/p>\r\n<p>&nbsp;<\/p>\r\n<p>Ist ein eigene Webseite sinnvoll? Auf jeden Fall! Die eigene Webseite ist heute so etwas wie die Visitenkarte im Internet. Jeder der nach Ihrem Unternehmen sucht, erwartet ihre Webseite zu finden, um mehr Informationen zu Ihrem Business zu erhalten. Ohne eigene Webseite ist heute auf die Dauer kein Unternehmen mehr konkurrenzf\u00e4hig.<\/p>\r\n<p>Wir bringen Sie ins Netz! Ob einfache Webite oder Online-Shop mit Bestellsystem, nehmen Sie noch heute Kontakt auf! &gt;&gt;&gt;&gt;&gt;\u00a0<a href=\"mailto:fb@f-borowski.de\"> fb@f-borowski.de<\/a> oder rufen Sie an!<\/p>\r\n<p>&nbsp;<\/p>\r\n<p>&nbsp;<\/p>\r\n<p><em>&#8222;1986 begann ich mit Computern zu arbeiten. 1997 gr\u00fcndete ich ein Unternehmen f\u00fcr EDV-Services, das ich bis 2004 erfolgreich gef\u00fchrt habe. Neben Schulungen, Computerhilfe, Support und Service- Leistungen, entwickelte ich Datenbanksysteme und Internetpr\u00e4senzen, habe Netzwerke in Unternehmen installiert und administriert, sowie die Mitarbeiter im effektiven Umgang mit Technik, Programmen und Daten geschult.&#8220;<\/em><\/p>\r\n<p>&nbsp;<\/p>\r\n<p>Seit 2009 biete ich im Rahmen meiner T\u00e4tigkeit als Unternehmensberater auch eine Analyse und Optimierung der Kommunikationsstrukturen in Unternehmen an. Neben der analogen Kommunikationskultur haben sich digitale Strukturen etabliert, die besondere Anforderungen an Sicherheit, Verf\u00fcgbarkeit und Nutzerfreundlichkeit erfordern. Der weithin bekannte Slogan &#8222;never change a running system&#8220; kann auch schnell nach hinten losgehen. Neue Techniken, gesetzliche Bestimmungen, weitere Arbeitsfelder und sich ver\u00e4ndernde Abl\u00e4ufe, aber auch neue Sicherheitsrisiken erfordern immer wieder Anpassungen in den Betrieben.\u00a0<\/p>\r\n<p>&nbsp;<\/p>","protected":false},"excerpt":{"rendered":"<p>Der Computer hat unsere Welt v\u00f6llig durchdrungen. S\u00e4mtliche Kommunikation l\u00e4uft inzwischen \u00fcber Computer. Man telefoniert per PC, schickt Email anstatt eines Briefes oder Fax, Lexika und Telefonb\u00fccher er\u00fcbrigen sich, denn man findet alles im Netz. Soziale Netzwerke, Filme, Musik, alles steht jederzeit zur Verf\u00fcgung und selbst die Eink\u00e4ufe kann man online erledigen. Doch wie nutzt<\/p>\n<p class=\"text-right\"><span class=\"screen-reader-text\">Continue Reading&#8230; Digitale Kommunikation<\/span><a class=\"btn btn-secondary continue-reading\" href=\"https:\/\/www.f-borowski.de\/?page_id=17\">Continue Reading&#8230;<\/a><\/p>\n","protected":false},"author":1,"featured_media":31,"parent":0,"menu_order":0,"comment_status":"closed","ping_status":"closed","template":"","meta":{"footnotes":""},"class_list":["post-17","page","type-page","status-publish","has-post-thumbnail","hentry"],"_links":{"self":[{"href":"https:\/\/www.f-borowski.de\/index.php?rest_route=\/wp\/v2\/pages\/17","targetHints":{"allow":["GET"]}}],"collection":[{"href":"https:\/\/www.f-borowski.de\/index.php?rest_route=\/wp\/v2\/pages"}],"about":[{"href":"https:\/\/www.f-borowski.de\/index.php?rest_route=\/wp\/v2\/types\/page"}],"author":[{"embeddable":true,"href":"https:\/\/www.f-borowski.de\/index.php?rest_route=\/wp\/v2\/users\/1"}],"replies":[{"embeddable":true,"href":"https:\/\/www.f-borowski.de\/index.php?rest_route=%2Fwp%2Fv2%2Fcomments&post=17"}],"version-history":[{"count":16,"href":"https:\/\/www.f-borowski.de\/index.php?rest_route=\/wp\/v2\/pages\/17\/revisions"}],"predecessor-version":[{"id":353,"href":"https:\/\/www.f-borowski.de\/index.php?rest_route=\/wp\/v2\/pages\/17\/revisions\/353"}],"wp:featuredmedia":[{"embeddable":true,"href":"https:\/\/www.f-borowski.de\/index.php?rest_route=\/wp\/v2\/media\/31"}],"wp:attachment":[{"href":"https:\/\/www.f-borowski.de\/index.php?rest_route=%2Fwp%2Fv2%2Fmedia&parent=17"}],"curies":[{"name":"wp","href":"https:\/\/api.w.org\/{rel}","templated":true}]}}