{"id":2,"date":"2020-02-27T21:43:44","date_gmt":"2020-02-27T20:43:44","guid":{"rendered":"http:\/\/https:\/\/www.f-borowski.de?page_id=2"},"modified":"2020-10-24T13:28:59","modified_gmt":"2020-10-24T11:28:59","slug":"beispiel-seite","status":"publish","type":"page","link":"https:\/\/www.f-borowski.de\/","title":{"rendered":"Unternehmensberatung und Coaching"},"content":{"rendered":"\r\n<h3 class=\"entry-header\">Krisen sind immer auch Chancen<\/h3>\r\n<div class=\"entry-content\">\r\n<p>Viele Unternehmen sind von den Folgen der SARS-CoV-2 Pandemie hart getroffen. Liquidit\u00e4tsprobleme, Zahlungsunf\u00e4higkeit und sogar Insolvenz bedrohen viele Unternehmen und besonders Solo-Selbst\u00e4ndige. Doch krisenhafte Entwicklungen sind immer auch Chancen. Neue Strategien, Strukturen, Systeme, Prozesse oder Verhaltensweisen sind h\u00e4ufig notwendig, um den sich ver\u00e4ndernden Bedingungen gerecht zu werden.<\/p>\r\n<p>Dies ist der klassische Kern dessen, was \u00d6konomen <strong>Change-Mangagement<\/strong> nennen. H\u00e4ufig wollen F\u00fchrungskr\u00e4fte und Mitarbeiter jedoch am Bestehenden festhalten. Erst in der Krise, wenn es gar nicht anders geht, kommt die Ver\u00e4nderung.<\/p>\r\n<p>Wesentliche Aufgabe von Change Management ist gezielt und aktiv, strategisch klug und wirkungsvoll Anpassungsprozesse zu gestalten. In gelungenen Change-Prozessen werden die Einzelschritte strategisch sinnvoll geplant, gesteuert, kontrolliert und stabilisiert.<\/p>\r\n<p>Wenn Zeit und Geld knapp werden und die Komplexit\u00e4t des Umfeldes gro\u00df ist, steigt der Ver\u00e4nderungsdruck. Die Herausforderung ist also, eine schnelle und effiziente Bew\u00e4ltigung von vielf\u00e4ltigen Aufgaben mit hoher Geschwindigkeit<i>.<br \/><\/i><\/p>\r\n<p>Nicht erst durch das Auftreten der Pandemie werden Ver\u00e4nderungen in Wirtschaftsprozessen dringend notwendig. Seit vielen Jahren besch\u00e4ftigt uns schon das Problem der knapper werdenden Ressourcen, des Klimawandels, der Verm\u00fcllung der Meere, Mikroplastik, etc.<\/p>\r\n<p>Kreislaufprozesse r\u00fccken in den Vordergrund, Material- und Stoffstr\u00f6me geraten in den Fokus und Konzepte wie cradle-to-cradle gewinnen an Bedeutung. Jetzt ist die Zeit Unternehmen zukunftsf\u00e4hig zu machen.<\/p>\r\n<p>&nbsp;<\/p>\r\n<\/div>\r\n<h3>M\u00f6glichkeiten wie noch nie, Wahrheiten zur freien\u00a0 Auswahl<\/h3>\r\n<p>Die Orientierung f\u00e4llt zunehmend schwer, was fr\u00fcher sicher schien, scheint heute \u00fcberholt. Moralische und ethische Werte stehen in Frage und wollen neu bestimmt werden. <br \/>Die Gestaltung des eigenen Lebens geschieht immer weniger durch uns selbst, sondern wird mehr und mehr von den Umst\u00e4nden und Anforderungen bestimmt.<\/p>\r\n<p>Noch schwieriger wird es, wenn man zuk\u00fcnftige Entwicklungen ber\u00fccksichtigen m\u00f6chte.<\/p>\r\n<p>Stress, Termindruck, Hektik \u2013 wir alle rennen gegen die Zeit. H\u00f6chste Zeit also, einmal stillzustehen und zu fragen, ob wir nicht allzu achtlos unsere Zeit f\u00fcr nichtige Dinge verschleudern, ob die Immer-Gesch\u00e4ftigen ihre Lebenszeit durch die Finger rinnen lassen, so dass das Leben f\u00fcr sie tats\u00e4chlich kurz ist, weil sie es selber so kurz machen.<\/p>\r\n<p>&nbsp;<\/p>\r\n<h3>&#8222;Zeit ist\u00a0 unser kostbarstes Gut&#8220;<\/h3>\r\n<p>Zeit ist immer auch Lebenszeit.<\/p>\r\n<p><em>&#8222;Wenn die Zeit kommt, in der man k\u00f6nnte, ist die vor\u00fcber, in der man kann.&#8220;<\/em><\/p>\r\n<p>sagte die \u00f6stereichische Schriftstellerin Marie von Ebner-Eschenbach.<\/p>\r\n<p><em>&#8220; Zeit die wir uns nehmen, ist Zeit, die uns etwas gibt&#8220;<\/em>, sagte ein Landsmann von ihr.<br \/>F\u00fcr Unternehmen ist Zeit oft auch gleich Geld.<\/p>\r\n<p>Zeitmanagement ist Lebensmanagement &#8211; bewusste Gestaltung der Lebenszeit bedeutet mehr frei verf\u00fcgbare Zeit, mehr Lebensqualit\u00e4t und bessere Gesundheit.<\/p>\r\n<p>Gestalten Sie ihr Leben, leiten Sie Ihr Unternehmen, bereichern Sie diese Welt.<\/p>\r\n<p>Kontakt: fb@f-borowski.de<\/p>\r\n<p><\/p>\r\n<p>&nbsp;<\/p>\r\n\r\n<p>&nbsp;<\/p>\r\n<p>\r\n\r\n<\/p>\r\n<blockquote class=\"wp-block-quote is-layout-flow wp-block-quote-is-layout-flow\">\r\n<p>&nbsp;<\/p>\r\n<\/blockquote>\r\n<p>\r\n\r\n<\/p>\r\n<p>&nbsp;<\/p>\r\n<p><\/p>","protected":false},"excerpt":{"rendered":"<p>Krisen sind immer auch Chancen Viele Unternehmen sind von den Folgen der SARS-CoV-2 Pandemie hart getroffen. Liquidit\u00e4tsprobleme, Zahlungsunf\u00e4higkeit und sogar Insolvenz bedrohen viele Unternehmen und besonders Solo-Selbst\u00e4ndige. Doch krisenhafte Entwicklungen sind immer auch Chancen. Neue Strategien, Strukturen, Systeme, Prozesse oder Verhaltensweisen sind h\u00e4ufig notwendig, um den sich ver\u00e4ndernden Bedingungen gerecht zu werden. Dies ist der<\/p>\n<p class=\"text-right\"><span class=\"screen-reader-text\">Continue Reading&#8230; Unternehmensberatung und Coaching<\/span><a class=\"btn btn-secondary continue-reading\" href=\"https:\/\/www.f-borowski.de\/\">Continue Reading&#8230;<\/a><\/p>\n","protected":false},"author":1,"featured_media":29,"parent":0,"menu_order":0,"comment_status":"closed","ping_status":"open","template":"","meta":{"footnotes":""},"class_list":["post-2","page","type-page","status-publish","has-post-thumbnail","hentry"],"_links":{"self":[{"href":"https:\/\/www.f-borowski.de\/index.php?rest_route=\/wp\/v2\/pages\/2","targetHints":{"allow":["GET"]}}],"collection":[{"href":"https:\/\/www.f-borowski.de\/index.php?rest_route=\/wp\/v2\/pages"}],"about":[{"href":"https:\/\/www.f-borowski.de\/index.php?rest_route=\/wp\/v2\/types\/page"}],"author":[{"embeddable":true,"href":"https:\/\/www.f-borowski.de\/index.php?rest_route=\/wp\/v2\/users\/1"}],"replies":[{"embeddable":true,"href":"https:\/\/www.f-borowski.de\/index.php?rest_route=%2Fwp%2Fv2%2Fcomments&post=2"}],"version-history":[{"count":26,"href":"https:\/\/www.f-borowski.de\/index.php?rest_route=\/wp\/v2\/pages\/2\/revisions"}],"predecessor-version":[{"id":299,"href":"https:\/\/www.f-borowski.de\/index.php?rest_route=\/wp\/v2\/pages\/2\/revisions\/299"}],"wp:featuredmedia":[{"embeddable":true,"href":"https:\/\/www.f-borowski.de\/index.php?rest_route=\/wp\/v2\/media\/29"}],"wp:attachment":[{"href":"https:\/\/www.f-borowski.de\/index.php?rest_route=%2Fwp%2Fv2%2Fmedia&parent=2"}],"curies":[{"name":"wp","href":"https:\/\/api.w.org\/{rel}","templated":true}]}}