{"id":9,"date":"2020-02-27T22:23:04","date_gmt":"2020-02-27T21:23:04","guid":{"rendered":"http:\/\/https:\/\/www.f-borowski.de?page_id=9"},"modified":"2021-05-10T17:06:00","modified_gmt":"2021-05-10T15:06:00","slug":"projektmanagement","status":"publish","type":"page","link":"https:\/\/www.f-borowski.de\/?page_id=9","title":{"rendered":"Projektmanagement"},"content":{"rendered":"\r\n<p>Das Project Management Institute definiert ein Projekt als ein zeitlich begrenztes Vorhaben zur Erreichung eines Ziels, mit einem definierten Anfang und Ende.<\/p>\r\n<p>Beispiele daf\u00fcr w\u00e4ren etwa die Konzeption einer neuen Website, eine Theaterproduktion oder die Errichtung eines Hauses.<\/p>\r\n<p>Jedes Projekt besteht aus vielerlei Aufgaben, die in Summe zu dem gemeinsamen Ziel f\u00fchren. Diese Aufgaben leiden immer unter Einschr\u00e4nkungen, wie z.B. die Zeit, die Mitarbeiter und die Ressourcen (z.B. finanzielle Mittel), die zur Fertigstellung des Projekts erforderlich sind.<\/p>\r\n<p><\/p>\r\n<p><\/p>\r\n<p>&nbsp;<\/p>\r\n<p><\/p>\r\n<p><strong>Von der Projektentwicklung und Planung \u00fcber die Mittelbestimmung, Organisation und Durchf\u00fchrung bis zur Erfolgskontrolle, Dokumentation und Evaluierung.<\/strong><\/p>\r\n<p>&nbsp;<\/p>\r\n<p>Sorgf\u00e4ltige Planung, transparenter Informationsaustausch, zuverl\u00e4ssige Absprachen, eine sichere Terminierung und hohe Kompetenz sorgen f\u00fcr die reibungslose Durchf\u00fchrung von Projekten aller Art. Durch eine freundliche, zielsichere, kooperative und kreative Projektleitung erreicht man einen termingerechten und erfolgreichen Abschluss.<\/p>\r\n<p>&nbsp;<\/p>\r\n<p>Projektmanagement von Anfang an<\/p>\r\n<p><strong>Idee, Konzept, Mittelbeschaffung, Organisation Durchf\u00fchrung und Dokumentation<\/strong><\/p>\r\n<p>besonders f\u00fcr<\/p>\r\n<p><\/p>\r\n<blockquote class=\"wp-block-quote is-layout-flow wp-block-quote-is-layout-flow\">\r\n<ul>\r\n<li>soziale und kulturelle Projekte<\/li>\r\n<li>Kunst-Projekte<\/li>\r\n<li>Innerbetriebliche Projekte zur Effizienzsteigerung<\/li>\r\n<li>Innovatiosmanagement<\/li>\r\n<li>Existenzgr\u00fcndungen<\/li>\r\n<\/ul>\r\n<\/blockquote>\r\n<p><\/p>\r\n<p>aber auch alle m\u00f6glichen anderen Vorhaben.<\/p>\r\n<p>&nbsp;<\/p>\r\n<p><em>Erfahrungen&#8230;<\/em><\/p>\r\n<p><em>Zwischen 2007 und 2009 Planung und Durchf\u00fchrung eines Tourismusprojekts in Portugal. Errichtung einer Minigolfanlage.<\/em><\/p>\r\n<p><em>Seit 2009 betreue ich die Tanztheaterkompanie DE LooPERS und organisiere gro\u00dfe \u00f6ffentliche Community-Dance-Projekte in Begleitung klassischer Orchester. Inzwischen ist der preisgekr\u00f6nte Dokumentarfilm &#8222;Five days to dance&#8220; (ES,2014) \u00fcber diese Arbeit entstanden und DE LooPERS war Kulturpartner der Kulturhauptstadt Europas 2016, San Sebastian.<\/em><\/p>\r\n<p><em>Von 11\/2015 bis 07\/2017 verantwortlich f\u00fcr die nationale Projektleitung des EU-Kooperationsprojekt &#8222;Let&#8217;s Dance!&#8220; im Rahmen des EU-Programms Creative Europe.<\/em><\/p>\r\n<p><em>Von 2017 bis 2020 Projektleitung des Projekts Schule:Kultur!\u00b2 in Zusammenarbeit mit den Kulturkoordinatoren der Oberschule Lernhaus im Campus, Osterholz-Scharmbeck, im Auftrag des Ministeriums f\u00fcr Bildung und Kultur in Niedersachsen.<\/em><\/p>\r\n<p>Au\u00dferdem weitere Projekte in den Bereichen, Tourismus und Freizeit, sowie Bildung und Kunst, in Zusammenarbeit mit Freien K\u00fcnstlern, Schulen, Firmen oder Verb\u00e4nden und Vereinen.<\/p>","protected":false},"excerpt":{"rendered":"<p>Das Project Management Institute definiert ein Projekt als ein zeitlich begrenztes Vorhaben zur Erreichung eines Ziels, mit einem definierten Anfang und Ende. Beispiele daf\u00fcr w\u00e4ren etwa die Konzeption einer neuen Website, eine Theaterproduktion oder die Errichtung eines Hauses. Jedes Projekt besteht aus vielerlei Aufgaben, die in Summe zu dem gemeinsamen Ziel f\u00fchren. Diese Aufgaben leiden<\/p>\n<p class=\"text-right\"><span class=\"screen-reader-text\">Continue Reading&#8230; Projektmanagement<\/span><a class=\"btn btn-secondary continue-reading\" href=\"https:\/\/www.f-borowski.de\/?page_id=9\">Continue Reading&#8230;<\/a><\/p>\n","protected":false},"author":1,"featured_media":85,"parent":0,"menu_order":0,"comment_status":"closed","ping_status":"closed","template":"","meta":{"footnotes":""},"class_list":["post-9","page","type-page","status-publish","has-post-thumbnail","hentry"],"_links":{"self":[{"href":"https:\/\/www.f-borowski.de\/index.php?rest_route=\/wp\/v2\/pages\/9","targetHints":{"allow":["GET"]}}],"collection":[{"href":"https:\/\/www.f-borowski.de\/index.php?rest_route=\/wp\/v2\/pages"}],"about":[{"href":"https:\/\/www.f-borowski.de\/index.php?rest_route=\/wp\/v2\/types\/page"}],"author":[{"embeddable":true,"href":"https:\/\/www.f-borowski.de\/index.php?rest_route=\/wp\/v2\/users\/1"}],"replies":[{"embeddable":true,"href":"https:\/\/www.f-borowski.de\/index.php?rest_route=%2Fwp%2Fv2%2Fcomments&post=9"}],"version-history":[{"count":31,"href":"https:\/\/www.f-borowski.de\/index.php?rest_route=\/wp\/v2\/pages\/9\/revisions"}],"predecessor-version":[{"id":314,"href":"https:\/\/www.f-borowski.de\/index.php?rest_route=\/wp\/v2\/pages\/9\/revisions\/314"}],"wp:featuredmedia":[{"embeddable":true,"href":"https:\/\/www.f-borowski.de\/index.php?rest_route=\/wp\/v2\/media\/85"}],"wp:attachment":[{"href":"https:\/\/www.f-borowski.de\/index.php?rest_route=%2Fwp%2Fv2%2Fmedia&parent=9"}],"curies":[{"name":"wp","href":"https:\/\/api.w.org\/{rel}","templated":true}]}}